{"id":8,"date":"2009-08-12T19:06:41","date_gmt":"2009-08-13T00:06:41","guid":{"rendered":"http:\/\/cholodeccy.org\/blog\/?page_id=8"},"modified":"2015-05-12T15:45:55","modified_gmt":"2015-05-12T20:45:55","slug":"linki-z-cholodeccy-org","status":"publish","type":"page","link":"http:\/\/xn--choodeccy-sub.org\/blog\/?page_id=8","title":{"rendered":"Linki z Cholodeccy.org"},"content":{"rendered":"<p>Strona g\u0142\u00f3wna: <a href=\"http:\/\/www.cho\u0142odeccy.org\">www.cho\u0142odeccy.org<\/a><\/p>\n<p><a href=\"http:\/\/www.cho\u0142odeccy.org\/webtrees\/\">Drzewo genealogiczne Cho\u0142odeckich<\/a><\/p>\n<p><a href=\"http:\/\/www.Gniteccy.org\">Strona Gniteckich<\/a><\/p>\n<p><a href=\"http:\/\/www.cho\u0142odeccy.org\/cholodecc\/documents.htm\">Dokumenty Rodzinne Cho\u0142odeckich<\/a><\/p>\n<p><a href=\"http:\/\/www.cho\u0142odeccy.org\/cholodecc\/Genealogiapelna.kmz\">Wykaz miejscowo\u015bci zamieszka\u0142ych przez Cho\u0142odeckich przed drug\u0105 wojn\u0105 \u015bwiatow\u0105 w Google Earth<\/a><\/p>\n<p><input id=\"gwProxy\" type=\"hidden\" \/><input id=\"jsProxy\" type=\"hidden\" \/><\/p>\n","protected":false},"excerpt":{"rendered":"<p>Strona g\u0142\u00f3wna: www.cho\u0142odeccy.org Drzewo genealogiczne Cho\u0142odeckich Strona Gniteckich Dokumenty Rodzinne Cho\u0142odeckich Wykaz miejscowo\u015bci zamieszka\u0142ych przez Cho\u0142odeckich przed drug\u0105 wojn\u0105 \u015bwiatow\u0105 w Google Earth<\/p>\n","protected":false},"author":1,"featured_media":0,"parent":0,"menu_order":0,"comment_status":"open","ping_status":"open","template":"","meta":{"footnotes":""},"class_list":["post-8","page","type-page","status-publish","hentry"],"_links":{"self":[{"href":"http:\/\/xn--choodeccy-sub.org\/blog\/index.php?rest_route=\/wp\/v2\/pages\/8","targetHints":{"allow":["GET"]}}],"collection":[{"href":"http:\/\/xn--choodeccy-sub.org\/blog\/index.php?rest_route=\/wp\/v2\/pages"}],"about":[{"href":"http:\/\/xn--choodeccy-sub.org\/blog\/index.php?rest_route=\/wp\/v2\/types\/page"}],"author":[{"embeddable":true,"href":"http:\/\/xn--choodeccy-sub.org\/blog\/index.php?rest_route=\/wp\/v2\/users\/1"}],"replies":[{"embeddable":true,"href":"http:\/\/xn--choodeccy-sub.org\/blog\/index.php?rest_route=%2Fwp%2Fv2%2Fcomments&post=8"}],"version-history":[{"count":4,"href":"http:\/\/xn--choodeccy-sub.org\/blog\/index.php?rest_route=\/wp\/v2\/pages\/8\/revisions"}],"predecessor-version":[{"id":252,"href":"http:\/\/xn--choodeccy-sub.org\/blog\/index.php?rest_route=\/wp\/v2\/pages\/8\/revisions\/252"}],"wp:attachment":[{"href":"http:\/\/xn--choodeccy-sub.org\/blog\/index.php?rest_route=%2Fwp%2Fv2%2Fmedia&parent=8"}],"curies":[{"name":"wp","href":"https:\/\/api.w.org\/{rel}","templated":true}]}}